{"id":3,"date":"2022-08-19T22:18:08","date_gmt":"2022-08-19T20:18:08","guid":{"rendered":"https:\/\/www.konzertagenturburgstaller.at\/cms\/?page_id=3"},"modified":"2022-10-04T17:51:48","modified_gmt":"2022-10-04T15:51:48","slug":"datenschutzerklaerung","status":"publish","type":"page","link":"https:\/\/www.konzertagenturburgstaller.at\/cms\/datenschutzerklaerung\/","title":{"rendered":"Datenschutzerkl\u00e4rung"},"content":{"rendered":"\t\t<div data-elementor-type=\"wp-page\" data-elementor-id=\"3\" class=\"elementor elementor-3\">\n\t\t\t\t\t\t<section class=\"elementor-section elementor-top-section elementor-element elementor-element-3fa1aaf8 elementor-section-boxed elementor-section-height-default elementor-section-height-default\" data-id=\"3fa1aaf8\" data-element_type=\"section\" data-settings=\"{&quot;background_background&quot;:&quot;classic&quot;}\">\n\t\t\t\t\t\t<div class=\"elementor-container elementor-column-gap-default\">\n\t\t\t\t\t<div class=\"elementor-column elementor-col-100 elementor-top-column elementor-element elementor-element-60f6cabf\" data-id=\"60f6cabf\" data-element_type=\"column\">\n\t\t\t<div class=\"elementor-widget-wrap elementor-element-populated\">\n\t\t\t\t\t\t<div class=\"elementor-element elementor-element-950dbac elementor-widget elementor-widget-heading\" data-id=\"950dbac\" data-element_type=\"widget\" data-settings=\"{&quot;ekit_we_effect_on&quot;:&quot;none&quot;}\" data-widget_type=\"heading.default\">\n\t\t\t\t<div class=\"elementor-widget-container\">\n\t\t\t\t\t<h2 class=\"elementor-heading-title elementor-size-default\">Datenschutz<\/h2>\t\t\t\t<\/div>\n\t\t\t\t<\/div>\n\t\t\t\t<div class=\"elementor-element elementor-element-9927128 elementor-widget elementor-widget-heading\" data-id=\"9927128\" data-element_type=\"widget\" data-settings=\"{&quot;ekit_we_effect_on&quot;:&quot;none&quot;}\" data-widget_type=\"heading.default\">\n\t\t\t\t<div class=\"elementor-widget-container\">\n\t\t\t\t\t<h2 class=\"elementor-heading-title elementor-size-default\">Muss auch auf jeder Webseite sein ...<\/h2>\t\t\t\t<\/div>\n\t\t\t\t<\/div>\n\t\t\t\t<div class=\"elementor-element elementor-element-9ccb624 elementor-widget elementor-widget-text-editor\" data-id=\"9ccb624\" data-element_type=\"widget\" data-settings=\"{&quot;ekit_we_effect_on&quot;:&quot;none&quot;}\" data-widget_type=\"text-editor.default\">\n\t\t\t\t<div class=\"elementor-widget-container\">\n\t\t\t\t\t\t\t\t\t<h2><b>DATENSCHUTZERKL\u00c4RUNG<\/b><\/h2>\n<p><\/p>\n<p>Der Schutz Ihrer pers\u00f6nlichen Daten ist uns ein besonderes Anliegen. Wir verarbeiten Ihre Daten daher ausschlie\u00dflich auf Grundlage der gesetzlichen Bestimmungen (DSGVO, TKG 2003). In diesen Datenschutzinformationen informieren wir Sie \u00fcber die wichtigsten Aspekte der Datenverarbeitung im Rahmen unserer Website.&nbsp;<\/p>\n<p>Die Nutzung unserer Webseite ist in der Regel ohne Angabe personenbezogener Daten m\u00f6glich. Soweit auf unseren Seiten personenbezogene Daten (beispielsweise Name, Telefonnummer, Adresse oder E-Mail-Adressen) erhoben werden, erfolgt dies, soweit m\u00f6glich, stets auf freiwilliger Basis. Diese Daten werden ohne Ihre ausdr\u00fcckliche Zustimmung nicht an Dritte weitergegeben.<\/p>\n<p>Wir weisen darauf hin, dass die Daten\u00fcbertragung im Internet (z.B. bei der Kommunikation per E-Mail) Sicherheitsl\u00fccken aufweisen kann. Ein l\u00fcckenloser Schutz der Daten vor dem Zugriff durch Dritte ist nicht m\u00f6glich.<\/p>\n<p>Verantwortlicher f\u00fcr die Verarbeitung Ihrer personenbezogenen Daten ist die Konzertagentur Burgstaller.&nbsp;<br><span style=\"color: var( --e-global-color-text ); font-family: var( --e-global-typography-text-font-family ), Sans-serif;\"><br><b>Datenspeicherung<br><\/b><\/span><span style=\"color: var( --e-global-color-text ); font-family: var( --e-global-typography-text-font-family ), Sans-serif; font-weight: var( --e-global-typography-text-font-weight );\">Wir weisen darauf hin, dass zum Zweck des einfacheren Bestellvorganges und zur sp\u00e4teren Abwicklung vom Homepage Betreiber im Rahmen von Cookies die IP-Daten des Anschlussinhabers gespeichert werden, ebenso wie Name, Anschrift und sonstige im Bestellprozess eingegebene Daten des K\u00e4ufers.<\/span><\/p>\n<p><b>Cookies<br><\/b><span style=\"color: var( --e-global-color-text ); font-family: var( --e-global-typography-text-font-family ), Sans-serif; font-weight: var( --e-global-typography-text-font-weight );\">Unsere Website verwendet so genannte Cookies. Dabei handelt es sich um kleine Textdateien, die mit Hilfe des Browsers auf Ihrem Endger\u00e4t abgelegt werden. Sie richten keinen Schaden an. Wir nutzen Cookies dazu, unser Angebot nutzerfreundlich zu gestalten. Einige Cookies bleiben auf Ihrem Endger\u00e4t gespeichert, bis Sie diese l\u00f6schen. Sie erm\u00f6glichen es uns, Ihren Browser beim n\u00e4chsten Besuch wiederzuerkennen. Wenn Sie dies nicht w\u00fcnschen, so k\u00f6nnen Sie Ihren Browser so einrichten, dass er Sie \u00fcber das Setzen von Cookies informiert und Sie dies nur im Einzelfall erlauben. Bei der Deaktivierung von Cookies kann die Funktionalit\u00e4t unserer Website eingeschr\u00e4nkt sein.<\/span><\/p>\n<div><b>&nbsp;Kontaktaufnahme<\/b><\/div>\n<div>Wenn Sie auf der Website sowie per E-Mail Kontakt mit uns aufnehmen, werden Ihre angegebenen Daten (Name, E-Mailadresse, Nachricht) zwecks Bearbeitung der Anfrage und f\u00fcr den Fall von Anschluss-Fragen von uns verarbeitet. Diese Daten werden zur Erf\u00fcllung vor-vertraglicher Pflichten gem\u00e4\u00df Art 6 Abs 1 lit b DSGVO verarbeitet. Wir speichern die Daten bis zur Beantwortung Ihrer Anfrage, wenn sich nicht aus dem Inhalt der jeweiligen Anfrage eine gesetzliche Aufbewahrungspflicht ergibt.<\/div>\n<div>Diese Daten werden nicht an Dritte weitergegeben.<\/div>\n<div>&nbsp;<\/div>\n<div>\n<div><b>Verarbeitung von Kundendaten<\/b><\/div>\n<div>Im Rahmen des Bestellvorgangs auf der Webseite werden Ihre personenbezogenen Daten (Name, Adresse, E-Mailadresse, Kontaktdaten, Inhalt des Bestellvorhabens, Zahlungsinformationen und allf\u00e4llige Anmerkungen) verarbeitet.<br><span style=\"color: var( --e-global-color-text ); font-family: var( --e-global-typography-text-font-family ), Sans-serif; font-weight: var( --e-global-typography-text-font-weight );\">Die von Ihnen bereit gestellten Daten sind zur Vertragserf\u00fcllung bzw. zur Durchf\u00fchrung vorvertraglicher Ma\u00dfnahmen erforderlich. Ohne diese Daten k\u00f6nnen wir die Bestellung nicht entgegen nehmen. Eine Daten\u00fcbermittlung an Dritte erfolgt nicht, mit Ausnahme an das von uns beauftragte Transportunternehmen\/Versandunternehmen zur Zustellung der Bestellware sowie an unseren Steuerberater zur Erf\u00fcllung unserer steuerrechtlichen Verpflichtungen. Dar\u00fcber hinaus werden Ihre Kontaktdaten verwendet, um Sie \u00fcber \u00c4nderungen und sonstigen wichtigen Neuigkeiten in Zusammenhang mit Ihrem Vertrag zu informieren. Dies beinhaltet beispielsweise Absagen oder auch Sicherheitsvorkehrungen, die wegen COVID-19 getroffen werden m\u00fcssen oder wenn wir gesetzlich dazu verpflichtet sind.<\/span><\/div>\n<div>Im Falle eines Vertragsabschlusses werden s\u00e4mtliche Daten aus dem Vertragsverh\u00e4ltnis bis zum Ablauf der steuerrechtlichen Aufbewahrungsfrist (7 Jahre) gespeichert.<\/div>\n<div>Die Datenverarbeitung erfolgt auf Basis der gesetzlichen Bestimmungen des \u00a7 96 Abs 3 TKG sowie des Art 6 Abs 1 lit b der DSGVO.<\/div>\n<\/div>\n<div>&nbsp;<\/div>\n<div>\n<div>\n<p><b><i>SOCIAL MEDIA<br><br><\/i><\/b><span style=\"color: var( --e-global-color-text ); font-family: var( --e-global-typography-text-font-family ), Sans-serif; font-weight: bold;\">Datenschutzerkl\u00e4rung f\u00fcr die Nutzung von<\/span><span style=\"color: var( --e-global-color-text ); font-family: var( --e-global-typography-text-font-family ), Sans-serif; font-weight: bold;\">&nbsp;<\/span><span style=\"color: var( --e-global-color-text ); font-family: var( --e-global-typography-text-font-family ), Sans-serif;\"><b>FACEBOOK&nbsp;<br><\/b><\/span><span style=\"color: var( --e-global-color-text ); font-family: var( --e-global-typography-text-font-family ), Sans-serif; font-weight: var( --e-global-typography-text-font-weight );\">Das soziale Netzwerk facebook.com wird von der Facebook Inc., 1601 S. California Ave, Palo Alto, CA 94304, USA betrieben (&#8222;Facebook&#8220;) und dient der Interaktion der User. Der Facebook Button verlinkt auf unser Facebook Profil. Auf der Webseite von Facebook gelten deren Datenschutzbestimmungen.<\/span><\/p><\/div>\n<div><span style=\"color: var( --e-global-color-text ); font-family: var( --e-global-typography-text-font-family ), Sans-serif; font-weight: var( --e-global-typography-text-font-weight );\">Der Zweck der Datenermittlung und Verarbeitung der Daten sowie Nutzung derselben durch Facebook, sowie die Datenarten (Umfang der Daten) findet der Nutzer in den Hinweisen zum Datenschutz, die Facebook selbst ver\u00f6ffentlicht; siehe dazu: http:\/\/www.facebook.com\/policy.php . Im Sinne bestm\u00f6glicher Transparenz fassen wir die Kernpunkte f\u00fcr den Nutzer zusammen:<\/span><\/div>\n<div>Die so gesammelten Daten dienen der Analyse des Nutzungsverhaltens und zum Bereitstellen, Ausw\u00e4hlen, Bewerten und Verstehen der Werbeanzeigen, die Facebook auf und au\u00dferhalb von Facebook bereitstellt (dies beinhaltet ebenso Werbeanzeigen, die durch Tochtergesellschaften von Facebook oder in deren Namen bereitgestellt werden) sowie zum Erstellen von Statistiken \u00fcber Nutzer. Facebook nutzt die ihm zur Verf\u00fcgung stehenden Daten des Weiteren, um seine Werbe- und Messsysteme zu verbessern, damit Facebook den Nutzern auf Facebook-Diensten und au\u00dferhalb dieser relevanten Werbeanzeigen anzeigen und die Wirksamkeit und Reichweite von Werbeanzeigen und Dienstleistungen messen kann. Ist der Nutzer bei Facebook registriert, so ist Facebook durch Verwendung der gesammelten Daten in der Lage, dem Nutzer Dienste bereitzustellen, Inhalte f\u00fcr diesen zu personalisieren und diesem Links und Vorschl\u00e4ge zu unterbreiten, an denen dieser interessiert sein k\u00f6nnte. Die gesammelten Daten werden schlie\u00dflich genutzt, um dem Nutzer Marketingkommunikationen zu senden, mit diesem \u00fcber seine Dienste zu kommunizieren und den Nutzer \u00fcber die Richtlinien und Bedingungen von Facebook zu informieren.<\/div>\n<div>Ist der Nutzer Inhaber eines Facebook-Accounts und nutzt er den Facebook-Button, so hat er sein Einverst\u00e4ndnis gegeben, dass seine Informationen gem\u00e4\u00df der Datenschutzrichtlinie von Facebook (https:\/\/www.facebook.com\/about\/privacy) erfasst, \u00fcbertragen, gespeichert, offengelegt und verwendet werden. In den Kontoeinstellungen kann der Nutzer die Datenschutzeinstellungen seines Facebook-Accounts \u00e4ndern.<\/div>\n<div>Weitere Informationen zu Facebook und der DSGVO finden Sie unter: https:\/\/www.facebook.com\/business\/gdpr#Facebook-als-Datenverantwortlicher-vs.-Auftragsverarbeiter .<\/div>\n<div>&nbsp;<\/div>\n<div><span style=\"font-weight: bold; color: var( --e-global-color-text ); font-family: var( --e-global-typography-text-font-family ), Sans-serif;\">Datenschutzerkl\u00e4rung f\u00fcr die Nutzung von<\/span><span style=\"font-weight: bold; color: var( --e-global-color-text ); font-family: var( --e-global-typography-text-font-family ), Sans-serif;\">&nbsp;<\/span><b>FACEBOOK-PLUGINS (LIKE-BUTTON)<\/b><\/div>\n<div>Auf unseren Seiten sind Plugins des sozialen Netzwerks Facebook, Anbieter Facebook Inc., 1 Hacker Way, Menlo Park, California 94025, USA, integriert. Die Facebook-Plugins erkennen Sie an dem Facebook-Logo oder dem &#8222;Like-Button&#8220; (&#8222;Gef\u00e4llt mir&#8220;) auf unserer Seite. Eine \u00dcbersicht \u00fcber die Facebook-Plugins finden Sie hier: https:\/\/developers.facebook.com\/docs\/plugins\/<\/div>\n<div>Wenn Sie unsere Seiten besuchen, wird \u00fcber das Plugin eine direkte Verbindung zwischen Ihrem Browser und dem Facebook-Server hergestellt. Facebook erh\u00e4lt dadurch die Information, dass Sie mit Ihrer IP-Adresse unsere Seite besucht haben. Wenn Sie den Facebook &#8222;Like-Button&#8220; anklicken w\u00e4hrend Sie in Ihrem Facebook-Account eingeloggt sind, k\u00f6nnen Sie die Inhalte unserer Seiten auf Ihrem Facebook-Profil verlinken. Dadurch kann Facebook den Besuch unserer Seiten Ihrem Benutzerkonto zuordnen. Wir weisen darauf hin, dass wir als Anbieter der Seiten keine Kenntnis vom Inhalt der \u00fcbermittelten Daten sowie deren Nutzung durch Facebook erhalten. Weitere Informationen hierzu finden Sie in der Datenschutzerkl\u00e4rung von Facebook unter https:\/\/de-de.facebook.com\/policy.php.<\/div>\n<div>Wenn Sie nicht w\u00fcnschen, dass Facebook den Besuch unserer Seiten Ihrem Facebook-Nutzerkonto zuordnen kann, loggen Sie sich bitte aus Ihrem Facebook-Benutzerkonto aus.<\/div>\n<div>&nbsp;<\/div>\n<div><b>Datenschutzerkl\u00e4rung f\u00fcr die Nutzung von FACEBOOK-PIXEL<\/b><\/div>\n<div>Wir n\u00fctzen zum Zweck der Analyse, Optimierung und f\u00fcr den wirtschaftlichen Betrieb unseres Onlineauftritts im Sinne des Remarketing (\u00fcberwiegende berechtigten Interessen, Art 6 Abs 1 lit f DSGVO) den sogenannten Facebook-Pixel. Facebook wird betrieben von der Facebook Inc., 1601 S. California Ave, Palo Alto, CA 94304, USA; mit Nutzern in Europa bestehen die Vertr\u00e4ge mit der Facebook Ireland Limited, 4 Grand Canal Square, Dublin 2, Irland(&#8222;Facebook&#8220;). Durch den Facebook-Pixel ist es m\u00f6glich, die Besucher unserer Website als Zielgruppe f\u00fcr die Darstellung von Anzeigen auf Facebook zu bestimmen. Wir wiederum setzen den Facebook-Pixel ein, um die durch uns geschalteten Facebook-Advertisements nur solchen Facebook-Nutzern zu zeigen, die ein Interesse an unserer T\u00e4tigkeit haben (das sich darin gezeigt hat, dass sie unsere Website besucht haben). Die Remarketing-Funktion von Facebook k\u00f6nnen Sie unter www.facebook.com\/settings\/ auch selbst deaktivieren. Hierf\u00fcr m\u00fcssen Sie bei Facebook angemeldet sein.<\/div>\n<div>&nbsp;<\/div>\n<div>Die Datenschutzhinweise von Facebook finden Sie unter folgendem Link: https:\/\/de-de.facebook.com\/policy.php<\/div>\n<\/div>\n<div>&nbsp;<\/div>\n<div>\n<div><b>Google Analytics<\/b><\/div>\n<div>Der f\u00fcr die Verarbeitung Verantwortliche hat auf dieser Internetseite die Komponente Google Analytics (mit Anonymisierungsfunktion) integriert. Die Nutzung von Google Analytics erfolgt auf Grund Ihrer Einwilligung. Google Analytics ist ein Web-Analyse-Dienst. Web-Analyse ist die Erhebung, Sammlung und Auswertung von Daten \u00fcber das Verhalten von Besuchern von Internetseiten. Ein Web-Analyse-Dienst erfasst unter anderem Daten dar\u00fcber, von welcher Internetseite eine betroffene Person auf eine Internetseite gekommen ist (sogenannte Referrer), auf welche Unterseiten der Internetseite zugegriffen oder wie oft und f\u00fcr welche Verweildauer eine Unterseite betrachtet wurde. Eine Web-Analyse wird \u00fcberwiegend zur Optimierung einer Internetseite und zur Kosten-Nutzen-Analyse von Internetwerbung eingesetzt.<\/div>\n<div>Betreibergesellschaft der Google-Analytics-Komponente ist die Google Inc., 1600 Amphitheatre Pkwy, Mountain View, CA 94043-1351, USA.&nbsp;<\/div>\n<div>Die Beziehung zum Webanalyseanbieter basiert auf \u201cEU-US-Privacy- Shield\u201d, Link zur Zertifizierung: www.privacyshield.gov\/participant Die Nutzerdaten werden f\u00fcr die Dauer von 50 Monaten aufbewahrt<\/div>\n<div>Der f\u00fcr die Verarbeitung Verantwortliche verwendet f\u00fcr die Web-Analyse \u00fcber Google Analytics den Zusatz &#8222;_gat._anonymizeIp&#8220;. Mittels dieses Zusatzes wird die IP-Adresse des Internetanschlusses der betroffenen Person von Google gek\u00fcrzt und anonymisiert, wenn der Zugriff auf unsere Internetseiten aus einem Mitgliedstaat der Europ\u00e4ischen Union oder aus einem anderen Vertragsstaat des Abkommens \u00fcber den Europ\u00e4ischen Wirtschaftsraum erfolgt.<\/div>\n<div>Der Zweck der Google-Analytics-Komponente ist die Analyse der Besucherstr\u00f6me auf unserer Internetseite. Google nutzt die gewonnenen Daten und Informationen unter anderem dazu, die Nutzung unserer Internetseite auszuwerten, um f\u00fcr uns Online-Reports, welche die Aktivit\u00e4ten auf unseren Internetseiten aufzeigen, zusammenzustellen, und um weitere mit der Nutzung unserer Internetseite in Verbindung stehende Dienstleistungen zu erbringen.<\/div>\n<div>Google Analytics setzt ein Cookie auf dem informationstechnologischen System der be\u00actroffenen Person. Was Cookies sind, wurde oben bereits erl\u00e4utert. Mit Setzung des Cookies wird Google eine Analyse der Benutzung unserer Internetseite erm\u00f6glicht. Durch jeden Aufruf einer der Einzelseiten dieser Internetseite, die durch den f\u00fcr die Verarbeitung Verantwortlichen betrieben wird und auf welcher eine Google-Analytics-Komponente integriert wurde, wird der Internetbrowser auf dem informationstechnologischen System der betroffenen Person automatisch durch die jeweilige Google-Analytics-Komponente veranlasst, Daten zum Zwecke der Online-Analyse an Google zu \u00fcbermitteln. Im Rahmen dieses technischen Verfahrens erh\u00e4lt Google Kenntnis \u00fcber personenbezogene Daten, wie der IP-Adresse der betroffenen Person, die Google unter anderem dazu dienen, die Herkunft der Besucher und Klicks nachzuvollziehen und in der Folge Provisionsabrechnungen zu erm\u00f6glichen.<\/div>\n<div>Mittels des Cookies werden personenbezogene Informationen, beispielsweise die Zugriffszeit, der Ort, von welchem ein Zugriff ausging und die H\u00e4ufigkeit der Besuche unserer Internetseite durch die betroffene Person, gespeichert. Bei jedem Besuch unserer Internetseiten werden diese personenbezogenen Daten, einschlie\u00dflich der IP-Adresse des von der betroffenen Person genutzten Internetanschlusses, an Google in den Vereinigten Staaten von Amerika \u00fcbertragen. Diese personenbezogenen Daten werden durch Google in den Vereinigten Staaten von Amerika gespeichert. Google gibt diese \u00fcber das technische Verfahren erhobenen personenbezogenen Daten unter Umst\u00e4nden an Dritte weiter.<\/div>\n<div>Die betroffene Person kann die Setzung von Cookies durch unsere Internetseite, wie oben bereits dargestellt, jederzeit mittels einer entsprechenden Einstellung des genutzten Internetbrowsers verhindern und damit der Setzung von Cookies dauerhaft widersprechen. Eine solche Einstellung des genutzten Internetbrowsers w\u00fcrde auch verhindern, dass Google ein Cookie auf dem informationstechnologischen System der betroffenen Person setzt. Zudem kann ein von Google Analytics bereits gesetzter Cookie jederzeit \u00fcber den Internetbrowser oder andere Softwareprogramme gel\u00f6scht werden.<\/div>\n<div>Ferner besteht f\u00fcr die betroffene Person die M\u00f6glichkeit, einer Erfassung der durch Google Analytics erzeugten, auf eine Nutzung dieser Internetseite bezogenen Daten sowie der Verarbeitung dieser Daten durch Google zu widersprechen und eine solche zu verhindern. Hierzu muss die betroffene Person ein Browser-Add-On unter dem Link tools.google.com\/dlpage\/gaoptout herunterladen und installieren. Dieses Browser-Add-On teilt Google Analytics \u00fcber JavaScript mit, dass keine Daten und Informationen zu den Besuchen von Internetseiten an Google Analytics \u00fcbermittelt werden d\u00fcrfen. Die Installation des Browser-Add-Ons wird von Google als Widerspruch gewertet. Wird das informationstechnologische System der betroffenen Person zu einem sp\u00e4teren Zeitpunkt gel\u00f6scht, formatiert oder neu installiert, muss durch die betroffene Person eine erneute Installation des Browser-Add-Ons erfolgen, um Google Analytics zu deaktivieren. Sofern das Browser-Add-On durch die betroffene Person oder einer anderen Person, die ihrem Machtbereich zuzurechnen ist, deinstalliert oder deaktiviert wird, besteht die M\u00f6glichkeit der Neuinstallation oder der erneuten Aktivierung des Browser-Add-Ons.<\/div>\n<div>Alternativ verhindern Sie mit einem Klick auf folgenden Link, dass Google Analytics innerhalb dieser Website Daten \u00fcber Sie erfasst.<\/div>\n<div>Weitere Informationen und die geltenden Datenschutzbestimmungen von Google k\u00f6nnen unter www.google.de\/intl\/de\/policies\/privacy\/ und unter www.google.com\/analytics\/terms\/de.html abgerufen werden. Google Analytics wird unter diesem Link&nbsp; www.google.com\/intl\/de_de\/analytics\/ genauer erl\u00e4utert.<\/div>\n<div>&nbsp;<\/div>\n<div>\n<div><b>Server-Log-Files<\/b><\/div>\n<div>Zur Optimierung unserer Websites in Bezug auf die System-Performance, Benutzerfreundlichkeit und Bereitstellung von n\u00fctzlichen Informationen \u00fcber unsere Dienstleistungen erhebt und speichert der Provider der jeweiligen Website automatisch Informationen in so genannten Server-Log Files, die Ihr Browser automatisch an uns \u00fcbermittelt. Davon umfasst sind Ihre Internet-Protokoll Adresse (IP-Adresse), Browser und Spracheinstellung, Betriebssystem, Referrer URL, Ihr Internet Service Provider und Datum\/Uhrzeit.<\/div>\n<div>Eine Zusammenf\u00fchrung dieser Daten mit personenbezogenen Datenquellen wird nicht vorgenommen. Wir behalten uns vor, diese Daten nachtr\u00e4glich zu pr\u00fcfen, wenn uns konkrete Anhaltspunkte f\u00fcr eine rechtswidrige Nutzung bekannt werden.<\/div>\n<div>Die Rechtsgrundlage ist einerseits die Erf\u00fcllung des Vertrags, konkret die kostenlose Zurverf\u00fcgungstellung unserer Webseite (Art 6 Abs 1 lit b DSGVO), in unserem \u00fcberwiegenden Interesse an der Sicherheit und Funktionst\u00fcchtigkeit unserer Webseite (Art 6 Abs 1 lit f DSGVO) und, schlussendlich sind diese technisch f\u00fcr den Betrieb der Webseite erforderlich (\u00a7 96 Abs 3 TKG).<\/div>\n<div>&nbsp;<\/div>\n<div><b>IHRE RECHTE<\/b><\/div>\n<div>Sie haben das Recht auf Auskunft seitens der LIVA &#8211; Linzer Veranstaltungsgesellschaft mbH \u00fcber die betreffenden personenbezogenen Daten sowie auf Berichtigung oder L\u00f6schung oder auf Einschr\u00e4nkung der Verarbeitung oder eines Widerspruchsrechts gegen die Verarbeitung sowie des Rechts auf Daten\u00fcbertragbarkeit. Ebenso haben Sie das Recht der Beschwerde bei der Datenschutzbeh\u00f6rde (https:\/\/www.dsb.gv.at).<\/div>\n<div>&nbsp;<\/div>\n<div><b>URHEBERRECHTE<\/b><\/div>\n<div>Die Urheberrechte von Bildern werden in einem grauen Balken am unteren Rand der Grafik angezeigt:<\/div>\n<div>\u2022 K\u00fcnstlerfotos in der Detailansicht einer Veranstaltung<\/div>\n<div>\u2022 Vorschaubilder f\u00fcr Videos in der Detailansicht einer Veranstaltung<\/div>\n<div>Bei anderen Bildern werden die Urheberrechte unterhalb oder im Dateinamen bzw. der Grafik-Info der Bilddatei angezeigt.<\/div>\n<div>Die Texte sind von der LIVA ausschlie\u00dflich f\u00fcr diese Website konzipiert worden, sofern nicht anders angegeben. Korrekturen k\u00f6nnen Sie an marketing@liva.linz.at senden.<\/div>\n<div>&nbsp;<\/div>\n<div><b>Bildrechte<\/b><\/div>\n<div><span style=\"color: var( --e-global-color-text ); font-family: var( --e-global-typography-text-font-family ), Sans-serif; font-weight: var( --e-global-typography-text-font-weight );\">Im Rahmen unserer Veranstaltungen werden zur Dokumentation sowie zu Werbezwecken fallweise Lichtbilder und Videos von Besucher*innen angefertigt. Eine Ver\u00f6ffentlichung kann in Image-Foldern, Brosch\u00fcren und Printmedien, im Fernsehen und Internet sowie bei \u00f6ffentlichen Veranstaltungen erfolgen. Diese Verarbeitung und Ver\u00f6ffentlichung erfolgt zum Zweck der Dokumentation der Veranstaltung aufgrund des berechtigten Interesses des Veranstalters sowie unter Einhaltung der gesetzlichen Vorgaben. Lichtbilder und Videos werden von der Verantwortlichen vor Ver\u00f6ffentlichung einer genauen Pr\u00fcfung unterzogen, um keine berechtigten Interessen der\/des Abgebildeten zu verletzen.<\/span><\/div>\n<div>Bitte wenden Sie sich an den Fotografen, falls Sie entweder gar nicht oder in einer bestimmten Situation nicht fotografiert werden m\u00f6chten. Sollten Sie bemerken, dass Sie dennoch versehentlich fotografiert wurden, dann ersuchen Sie bitte den Fotografen unverz\u00fcglich, Ihnen das Foto zu zeigen und sofort zu l\u00f6schen.<\/div>\n<div>&nbsp;<\/div>\n<div><b>Ihre Rechte<\/b><\/div>\n<div>Als unser Vertragspartner*in bzw. generell als Betroffene*r haben Sie das Recht auf Auskunft \u00fcber Ihre gespeicherten personenbezogenen Daten sowie ein Recht auf Berichtigung, Daten\u00fcbertragung, Widerspruch, Einschr\u00e4nkung der Verarbeitung sowie Sperrung\/Anonymisierung oder L\u00f6schung der Daten, insofern keine Ausnahme (zB gesetzliche Aufbewahrungspflicht) besteht und unter Ma\u00dfgabe der gesetzlichen Bestimmungen.<\/div>\n<div>Wenn Sie der Auffassung sind, dass die Verarbeitung Ihrer personenbezogenen Daten durch uns gegen das geltende Datenschutzrecht verst\u00f6\u00dft oder Ihre datenschutzrechtlichen Anspr\u00fcche in einer anderen Weise verletzt worden sind, besteht die M\u00f6glichkeit, sich bei der zust\u00e4ndigen Aufsichtsbeh\u00f6rde zu beschweren. In \u00d6sterreich zust\u00e4ndig ist hierf\u00fcr die Datenschutzbeh\u00f6rde (www.dsb.gv.at).<\/div>\n<div>&nbsp;<\/div>\n<div><b>Unsere Kontaktdaten<\/b><\/div>\n<div>Konzertagentur Burgstaller<\/div>\n<div>Marktplatz 8<\/div>\n<div>4931 Mettmach<\/div>\n<div>+43 676\/3302425<\/div>\n<div>office@konzertagenturburgstaller.at<\/div>\n<div>&nbsp;<\/div>\n<div><span style=\"color: var( --e-global-color-text ); font-family: var( --e-global-typography-text-font-family ), Sans-serif; font-weight: var( --e-global-typography-text-font-weight );\">Gesellschafter: Gisela Burgstaller<\/span><\/div>\n<div>Gesellschafter: Martin Burgstaller<\/div>\n<div>&nbsp;<\/div>\n<\/div>\n<\/div>\t\t\t\t\t\t\t\t<\/div>\n\t\t\t\t<\/div>\n\t\t\t\t\t<\/div>\n\t\t<\/div>\n\t\t\t\t\t<\/div>\n\t\t<\/section>\n\t\t\t\t<\/div>\n\t\t","protected":false},"excerpt":{"rendered":"<p>Datenschutz Muss auch auf jeder Webseite sein &#8230; DATENSCHUTZERKL\u00c4RUNG Der Schutz Ihrer pers\u00f6nlichen Daten ist uns ein besonderes Anliegen. Wir verarbeiten Ihre Daten daher ausschlie\u00dflich auf Grundlage der gesetzlichen Bestimmungen (DSGVO, TKG 2003). In diesen Datenschutzinformationen informieren wir Sie \u00fcber die wichtigsten Aspekte der Datenverarbeitung im Rahmen unserer Website.&nbsp; Die Nutzung unserer Webseite ist in [&hellip;]<\/p>\n","protected":false},"author":1,"featured_media":0,"parent":0,"menu_order":0,"comment_status":"closed","ping_status":"open","template":"template\/homepage-template.php","meta":{"footnotes":""},"class_list":["post-3","page","type-page","status-publish","hentry"],"_links":{"self":[{"href":"https:\/\/www.konzertagenturburgstaller.at\/cms\/wp-json\/wp\/v2\/pages\/3","targetHints":{"allow":["GET"]}}],"collection":[{"href":"https:\/\/www.konzertagenturburgstaller.at\/cms\/wp-json\/wp\/v2\/pages"}],"about":[{"href":"https:\/\/www.konzertagenturburgstaller.at\/cms\/wp-json\/wp\/v2\/types\/page"}],"author":[{"embeddable":true,"href":"https:\/\/www.konzertagenturburgstaller.at\/cms\/wp-json\/wp\/v2\/users\/1"}],"replies":[{"embeddable":true,"href":"https:\/\/www.konzertagenturburgstaller.at\/cms\/wp-json\/wp\/v2\/comments?post=3"}],"version-history":[{"count":37,"href":"https:\/\/www.konzertagenturburgstaller.at\/cms\/wp-json\/wp\/v2\/pages\/3\/revisions"}],"predecessor-version":[{"id":855,"href":"https:\/\/www.konzertagenturburgstaller.at\/cms\/wp-json\/wp\/v2\/pages\/3\/revisions\/855"}],"wp:attachment":[{"href":"https:\/\/www.konzertagenturburgstaller.at\/cms\/wp-json\/wp\/v2\/media?parent=3"}],"curies":[{"name":"wp","href":"https:\/\/api.w.org\/{rel}","templated":true}]}}